{"id":61,"date":"2024-06-24T17:29:36","date_gmt":"2024-06-24T17:29:36","guid":{"rendered":"http:\/\/xtratheme.com\/camping-adventures\/?page_id=61"},"modified":"2026-02-18T21:28:37","modified_gmt":"2026-02-19T00:28:37","slug":"contato","status":"publish","type":"page","link":"https:\/\/dianapacheco.com.br\/blog\/contato\/","title":{"rendered":"Contato"},"content":{"rendered":"<div class=\"wp-block-image\">\n<figure class=\"alignleft size-large is-resized\"><img fetchpriority=\"high\" decoding=\"async\" width=\"602\" height=\"1024\" src=\"https:\/\/dianapacheco.com.br\/blog\/wp-content\/uploads\/2025\/04\/WhatsApp-Image-2025-03-03-at-6.31.03-PM-602x1024.jpeg\" alt=\"\" class=\"wp-image-1570\" style=\"aspect-ratio:0.5878843366140231;width:329px;height:auto\" srcset=\"https:\/\/dianapacheco.com.br\/blog\/wp-content\/uploads\/2025\/04\/WhatsApp-Image-2025-03-03-at-6.31.03-PM-602x1024.jpeg 602w, https:\/\/dianapacheco.com.br\/blog\/wp-content\/uploads\/2025\/04\/WhatsApp-Image-2025-03-03-at-6.31.03-PM-176x300.jpeg 176w, https:\/\/dianapacheco.com.br\/blog\/wp-content\/uploads\/2025\/04\/WhatsApp-Image-2025-03-03-at-6.31.03-PM-768x1306.jpeg 768w, https:\/\/dianapacheco.com.br\/blog\/wp-content\/uploads\/2025\/04\/WhatsApp-Image-2025-03-03-at-6.31.03-PM-600x1020.jpeg 600w, https:\/\/dianapacheco.com.br\/blog\/wp-content\/uploads\/2025\/04\/WhatsApp-Image-2025-03-03-at-6.31.03-PM.jpeg 882w\" sizes=\"(max-width: 602px) 100vw, 602px\" \/><\/figure>\n<\/div>\n\n<p>Sou Diana Pacheco, Administradora, m\u00e3e e, acima de tudo, uma entusiasta da organiza\u00e7\u00e3o e estrutura\u00e7\u00e3o de processos e gest\u00e3o da qualidade.<\/p>\n<p>Com mais de 12 anos de experi\u00eancia em gest\u00e3o empresarial e implementa\u00e7\u00e3o de sistema de gest\u00e3o da qualidade, desenvolvi uma vis\u00e3o ampla de todas as \u00e1reas administrativas.<\/p>\n<p><strong>Neste espa\u00e7o, compartilho meu olhar e minhas reflex\u00f5es.<\/strong> Acredito que o verdadeiro crescimento de qualquer neg\u00f3cio acontece de forma <strong>estruturada e sustent\u00e1vel<\/strong>, quando os processos certos s\u00e3o aplicados com clareza. Meu objetivo \u00e9 simplificar e compartilhar essas estrat\u00e9gias com voc\u00ea.<\/p>\n<p><b>WhatsApp <\/b>+55 (27) 9 9906 5201<\/p>\n<p><strong>Email<\/strong> diana@dianapacheco.com.br<\/p>\n\n\n<div class=\"wp-block-group is-nowrap is-layout-flex wp-container-core-group-is-layout-ad2f72ca wp-block-group-is-layout-flex\">\n<figure class=\"wp-block-image size-large is-resized is-style-default\"><a href=\"https:\/\/www.instagram.com\/dianapachecof\/\"><img decoding=\"async\" width=\"100\" height=\"100\" src=\"https:\/\/dianapacheco.com.br\/blog\/wp-content\/uploads\/2026\/02\/image-e1771459462223.png\" alt=\"\" class=\"wp-image-1813\" style=\"width:32px;height:auto\"\/><\/a><\/figure>\n\n\n\n<figure class=\"wp-block-image size-full\"><a href=\"https:\/\/www.youtube.com\/@dianapachecoDP\"><img decoding=\"async\" width=\"48\" height=\"48\" src=\"https:\/\/dianapacheco.com.br\/blog\/wp-content\/uploads\/2026\/02\/icons8-youtube-48.png\" alt=\"\" class=\"wp-image-1815\"\/><\/a><\/figure>\n\n\n\n<figure class=\"wp-block-image size-large is-resized\"><a href=\"http:\/\/www.linkedin.com\/in\/diana-pacheco-06267a351\"><img loading=\"lazy\" decoding=\"async\" width=\"1024\" height=\"1024\" src=\"https:\/\/dianapacheco.com.br\/blog\/wp-content\/uploads\/2026\/02\/vecteezy_linkedin-logo-png-linkedin-icon-transparent-png_18930480-1024x1024.png\" alt=\"\" class=\"wp-image-1817\" style=\"width:48px;height:auto\"\/><\/a><\/figure>\n<\/div>\n\n\n\n<p><\/p>\n","protected":false},"excerpt":{"rendered":"<p>Sou Diana Pacheco, Administradora, m\u00e3e e, acima de tudo, uma entusiasta &#8230; <\/p>\n","protected":false},"author":1,"featured_media":0,"parent":0,"menu_order":0,"comment_status":"closed","ping_status":"closed","template":"","meta":{"footnotes":""},"class_list":["post-61","page","type-page","status-publish","hentry"],"yoast_head":"<!-- This site is optimized with the Yoast SEO plugin v23.8 - https:\/\/yoast.com\/wordpress\/plugins\/seo\/ -->\n<title>Contato | Diana Pacheco<\/title>\n<meta name=\"robots\" content=\"index, follow, max-snippet:-1, max-image-preview:large, max-video-preview:-1\" \/>\n<link rel=\"canonical\" href=\"https:\/\/dianapacheco.com.br\/blog\/contato\/\" \/>\n<meta property=\"og:locale\" content=\"pt_BR\" \/>\n<meta property=\"og:type\" content=\"article\" \/>\n<meta property=\"og:title\" content=\"Contato | Diana Pacheco\" \/>\n<meta property=\"og:description\" content=\"Sou Diana Pacheco, Administradora, m\u00e3e e, acima de tudo, uma entusiasta ...\" \/>\n<meta property=\"og:url\" content=\"https:\/\/dianapacheco.com.br\/blog\/contato\/\" \/>\n<meta property=\"og:site_name\" content=\"Diana Pacheco\" \/>\n<meta property=\"article:modified_time\" content=\"2026-02-19T00:28:37+00:00\" \/>\n<meta property=\"og:image\" content=\"https:\/\/dianapacheco.com.br\/blog\/wp-content\/uploads\/2025\/04\/WhatsApp-Image-2025-03-03-at-6.31.03-PM.jpeg\" \/>\n\t<meta property=\"og:image:width\" content=\"882\" \/>\n\t<meta property=\"og:image:height\" content=\"1500\" \/>\n\t<meta property=\"og:image:type\" content=\"image\/jpeg\" \/>\n<meta name=\"twitter:card\" content=\"summary_large_image\" \/>\n<meta name=\"twitter:label1\" content=\"Est. tempo de leitura\" \/>\n\t<meta name=\"twitter:data1\" content=\"2 minutos\" \/>\n<script type=\"application\/ld+json\" class=\"yoast-schema-graph\">{\"@context\":\"https:\/\/schema.org\",\"@graph\":[{\"@type\":\"WebPage\",\"@id\":\"https:\/\/dianapacheco.com.br\/blog\/contato\/\",\"url\":\"https:\/\/dianapacheco.com.br\/blog\/contato\/\",\"name\":\"Contato | Diana Pacheco\",\"isPartOf\":{\"@id\":\"https:\/\/dianapacheco.com.br\/blog\/#website\"},\"primaryImageOfPage\":{\"@id\":\"https:\/\/dianapacheco.com.br\/blog\/contato\/#primaryimage\"},\"image\":{\"@id\":\"https:\/\/dianapacheco.com.br\/blog\/contato\/#primaryimage\"},\"thumbnailUrl\":\"https:\/\/dianapacheco.com.br\/blog\/wp-content\/uploads\/2025\/04\/WhatsApp-Image-2025-03-03-at-6.31.03-PM-602x1024.jpeg\",\"datePublished\":\"2024-06-24T17:29:36+00:00\",\"dateModified\":\"2026-02-19T00:28:37+00:00\",\"breadcrumb\":{\"@id\":\"https:\/\/dianapacheco.com.br\/blog\/contato\/#breadcrumb\"},\"inLanguage\":\"pt-BR\",\"potentialAction\":[{\"@type\":\"ReadAction\",\"target\":[\"https:\/\/dianapacheco.com.br\/blog\/contato\/\"]}]},{\"@type\":\"ImageObject\",\"inLanguage\":\"pt-BR\",\"@id\":\"https:\/\/dianapacheco.com.br\/blog\/contato\/#primaryimage\",\"url\":\"https:\/\/dianapacheco.com.br\/blog\/wp-content\/uploads\/2025\/04\/WhatsApp-Image-2025-03-03-at-6.31.03-PM.jpeg\",\"contentUrl\":\"https:\/\/dianapacheco.com.br\/blog\/wp-content\/uploads\/2025\/04\/WhatsApp-Image-2025-03-03-at-6.31.03-PM.jpeg\",\"width\":882,\"height\":1500},{\"@type\":\"BreadcrumbList\",\"@id\":\"https:\/\/dianapacheco.com.br\/blog\/contato\/#breadcrumb\",\"itemListElement\":[{\"@type\":\"ListItem\",\"position\":1,\"name\":\"In\u00edcio\",\"item\":\"https:\/\/dianapacheco.com.br\/blog\/\"},{\"@type\":\"ListItem\",\"position\":2,\"name\":\"Contato\"}]},{\"@type\":\"WebSite\",\"@id\":\"https:\/\/dianapacheco.com.br\/blog\/#website\",\"url\":\"https:\/\/dianapacheco.com.br\/blog\/\",\"name\":\"Diana Pacheco | Consultoria e Intelig\u00eancia Administrativa\",\"description\":\"Crescendo Organizando\",\"alternateName\":\"Diana Pacheco | Consultoria e Intelig\u00eancia Administrativa\",\"potentialAction\":[{\"@type\":\"SearchAction\",\"target\":{\"@type\":\"EntryPoint\",\"urlTemplate\":\"https:\/\/dianapacheco.com.br\/blog\/?s={search_term_string}\"},\"query-input\":{\"@type\":\"PropertyValueSpecification\",\"valueRequired\":true,\"valueName\":\"search_term_string\"}}],\"inLanguage\":\"pt-BR\"}]}<\/script>\n<!-- \/ Yoast SEO plugin. -->","yoast_head_json":{"title":"Contato | Diana Pacheco","robots":{"index":"index","follow":"follow","max-snippet":"max-snippet:-1","max-image-preview":"max-image-preview:large","max-video-preview":"max-video-preview:-1"},"canonical":"https:\/\/dianapacheco.com.br\/blog\/contato\/","og_locale":"pt_BR","og_type":"article","og_title":"Contato | Diana Pacheco","og_description":"Sou Diana Pacheco, Administradora, m\u00e3e e, acima de tudo, uma entusiasta ...","og_url":"https:\/\/dianapacheco.com.br\/blog\/contato\/","og_site_name":"Diana Pacheco","article_modified_time":"2026-02-19T00:28:37+00:00","og_image":[{"width":882,"height":1500,"url":"https:\/\/dianapacheco.com.br\/blog\/wp-content\/uploads\/2025\/04\/WhatsApp-Image-2025-03-03-at-6.31.03-PM.jpeg","type":"image\/jpeg"}],"twitter_card":"summary_large_image","twitter_misc":{"Est. tempo de leitura":"2 minutos"},"schema":{"@context":"https:\/\/schema.org","@graph":[{"@type":"WebPage","@id":"https:\/\/dianapacheco.com.br\/blog\/contato\/","url":"https:\/\/dianapacheco.com.br\/blog\/contato\/","name":"Contato | Diana Pacheco","isPartOf":{"@id":"https:\/\/dianapacheco.com.br\/blog\/#website"},"primaryImageOfPage":{"@id":"https:\/\/dianapacheco.com.br\/blog\/contato\/#primaryimage"},"image":{"@id":"https:\/\/dianapacheco.com.br\/blog\/contato\/#primaryimage"},"thumbnailUrl":"https:\/\/dianapacheco.com.br\/blog\/wp-content\/uploads\/2025\/04\/WhatsApp-Image-2025-03-03-at-6.31.03-PM-602x1024.jpeg","datePublished":"2024-06-24T17:29:36+00:00","dateModified":"2026-02-19T00:28:37+00:00","breadcrumb":{"@id":"https:\/\/dianapacheco.com.br\/blog\/contato\/#breadcrumb"},"inLanguage":"pt-BR","potentialAction":[{"@type":"ReadAction","target":["https:\/\/dianapacheco.com.br\/blog\/contato\/"]}]},{"@type":"ImageObject","inLanguage":"pt-BR","@id":"https:\/\/dianapacheco.com.br\/blog\/contato\/#primaryimage","url":"https:\/\/dianapacheco.com.br\/blog\/wp-content\/uploads\/2025\/04\/WhatsApp-Image-2025-03-03-at-6.31.03-PM.jpeg","contentUrl":"https:\/\/dianapacheco.com.br\/blog\/wp-content\/uploads\/2025\/04\/WhatsApp-Image-2025-03-03-at-6.31.03-PM.jpeg","width":882,"height":1500},{"@type":"BreadcrumbList","@id":"https:\/\/dianapacheco.com.br\/blog\/contato\/#breadcrumb","itemListElement":[{"@type":"ListItem","position":1,"name":"In\u00edcio","item":"https:\/\/dianapacheco.com.br\/blog\/"},{"@type":"ListItem","position":2,"name":"Contato"}]},{"@type":"WebSite","@id":"https:\/\/dianapacheco.com.br\/blog\/#website","url":"https:\/\/dianapacheco.com.br\/blog\/","name":"Diana Pacheco | Consultoria e Intelig\u00eancia Administrativa","description":"Crescendo Organizando","alternateName":"Diana Pacheco | Consultoria e Intelig\u00eancia Administrativa","potentialAction":[{"@type":"SearchAction","target":{"@type":"EntryPoint","urlTemplate":"https:\/\/dianapacheco.com.br\/blog\/?s={search_term_string}"},"query-input":{"@type":"PropertyValueSpecification","valueRequired":true,"valueName":"search_term_string"}}],"inLanguage":"pt-BR"}]}},"_links":{"self":[{"href":"https:\/\/dianapacheco.com.br\/blog\/wp-json\/wp\/v2\/pages\/61","targetHints":{"allow":["GET"]}}],"collection":[{"href":"https:\/\/dianapacheco.com.br\/blog\/wp-json\/wp\/v2\/pages"}],"about":[{"href":"https:\/\/dianapacheco.com.br\/blog\/wp-json\/wp\/v2\/types\/page"}],"author":[{"embeddable":true,"href":"https:\/\/dianapacheco.com.br\/blog\/wp-json\/wp\/v2\/users\/1"}],"replies":[{"embeddable":true,"href":"https:\/\/dianapacheco.com.br\/blog\/wp-json\/wp\/v2\/comments?post=61"}],"version-history":[{"count":20,"href":"https:\/\/dianapacheco.com.br\/blog\/wp-json\/wp\/v2\/pages\/61\/revisions"}],"predecessor-version":[{"id":1821,"href":"https:\/\/dianapacheco.com.br\/blog\/wp-json\/wp\/v2\/pages\/61\/revisions\/1821"}],"wp:attachment":[{"href":"https:\/\/dianapacheco.com.br\/blog\/wp-json\/wp\/v2\/media?parent=61"}],"curies":[{"name":"wp","href":"https:\/\/api.w.org\/{rel}","templated":true}]}}