{"id":535,"date":"2024-06-24T16:11:20","date_gmt":"2024-06-24T16:11:20","guid":{"rendered":"http:\/\/xtratheme.com\/camping-adventures\/?page_id=45"},"modified":"2026-01-26T19:34:05","modified_gmt":"2026-01-26T22:34:05","slug":"home","status":"publish","type":"page","link":"https:\/\/dianapacheco.com.br\/blog\/","title":{"rendered":"Diana Pacheco"},"content":{"rendered":"\t\t<div data-elementor-type=\"wp-page\" data-elementor-id=\"535\" class=\"elementor elementor-535\">\n\t\t\t\t\t\t<section class=\"elementor-section elementor-top-section elementor-element elementor-element-7c35921 elementor-section-boxed elementor-section-height-default elementor-section-height-default\" data-id=\"7c35921\" data-element_type=\"section\">\n\t\t\t\t\t\t<div class=\"elementor-container elementor-column-gap-default\">\n\t\t\t\t\t<div class=\"elementor-column elementor-col-66 elementor-top-column elementor-element elementor-element-24b3cf7\" data-id=\"24b3cf7\" data-element_type=\"column\">\n\t\t\t<div class=\"elementor-widget-wrap elementor-element-populated\">\n\t\t\t\t\t\t<div class=\"elementor-element elementor-element-64f5315 elementor-widget elementor-widget-cz_posts\" data-id=\"64f5315\" data-element_type=\"widget\" data-widget_type=\"cz_posts.default\">\n\t\t\t\t<div class=\"elementor-widget-container\">\n\t\t\t\t\t<div class=\"cz_grid_p\"><div class=\"cz_grid cz_grid_1 clr cz_grid_c2 cz_grid_l2 cz_grid_1_title_sub_after cz_grid_1_no_hover cz_grid_1_top tac cz_grid_1_sub_after_ex cz_meta_all_center\" data-atts='{\"action\":\"cz_ajax_elementor_posts\",\"post_class\":\"cz_grid_item\",\"post__in\":null,\"author__in\":null,\"nonce\":\"951d5dd12a\",\"nonce_id\":\"posts\",\"loadmore_end\":\"Voc\\u00ea chegou ao fim\",\"layout\":\"cz_grid_c2 cz_grid_l2\",\"hover\":\"cz_grid_1_title_sub_after cz_grid_1_no_hover\",\"subtitles\":[{\"_id\":\"1a95bb9\",\"t\":\"cats\",\"r\":\"\",\"i\":{\"value\":\"\",\"library\":\"\"},\"p\":\"\",\"ct\":null,\"cm\":null,\"tc\":null}],\"subtitle_pos\":\"cz_grid_1_sub_after_ex\",\"icon\":{\"value\":\"fa fa-search\",\"library\":\"fa-solid\"},\"el\":10,\"title_lenght\":\"\",\"cat_tax\":\"category\",\"cat\":\"\",\"cat_exclude\":\"\",\"tag_tax\":\"post_tag\",\"tag_id\":\"\",\"tag_exclude\":\"\",\"post_type\":\"post\",\"posts_per_page\":8,\"order\":\"DESC\",\"orderby\":\"date\",\"tilt_data\":null,\"img_fx\":\"cz_grid_zoom_in\",\"custom_size\":\"\",\"excerpt_rm\":\"\",\"s\":\"\"}'><div class=\"cz_grid_item cz_grid_first\"><\/div><div data-id=\"1823\" class=\"cz_grid_item  cz_posts_list_odd 1823 post-1823 post type-post status-publish format-standard has-post-thumbnail hentry category-gestao-de-pessoas category-produtividade tag-desenvolvimento-colaboradores tag-desenvolvimento-talentos tag-pdi-estrutura-simples tag-plano-desenvolvimento-individual\"><div class=\"clr\"><a class=\"cz_grid_link cz_grid_zoom_in\" href=\"https:\/\/dianapacheco.com.br\/blog\/pdi-transformando-o-diagnostico-da-equipe-em-crescimento-real\/\" title=\"PDI: Transformando o Diagn\u00f3stico da Equipe em Crescimento Real\"><img fetchpriority=\"high\" decoding=\"async\" width=\"300\" height=\"300\" src=\"https:\/\/dianapacheco.com.br\/blog\/wp-content\/uploads\/2026\/02\/Gemini_Generated_Image_og5t8pog5t8pog5t-e1771462273478.png\" class=\"attachment-full size-full wp-image-1826\" alt=\"\" \/><div class=\"cz_grid_details\"><i class=\"fa fa-search cz_grid_icon\"><\/i><\/div><\/a><div class=\"cz_grid_details cz_grid_details_outside\"><a class=\"cz_grid_title\" href=\"https:\/\/dianapacheco.com.br\/blog\/pdi-transformando-o-diagnostico-da-equipe-em-crescimento-real\/\"><h3>PDI: Transformando o Diagn\u00f3stico da Equipe em Crescimento Real<\/h3><\/a><small class=\"clr\"><span class=\"cz_post_data cz_data_cats\"><a href=\"https:\/\/dianapacheco.com.br\/blog\/category\/gestao-de-pessoas\/\" rel=\"tag\">Gest\u00e3o de Pessoas<\/a>, <a href=\"https:\/\/dianapacheco.com.br\/blog\/category\/produtividade\/\" rel=\"tag\">Produtividade<\/a><\/span><\/small><\/div><\/div><\/div><div data-id=\"1803\" class=\"cz_grid_item  cz_posts_list_even 1803 post-1803 post type-post status-publish format-standard has-post-thumbnail hentry category-gestao-de-pessoas category-qualidade tag-avaliacao-desempenho-equipe tag-avaliacao-performance tag-feedback-colaboradores tag-melhoria-desempenho\"><div class=\"clr\"><a class=\"cz_grid_link cz_grid_zoom_in\" href=\"https:\/\/dianapacheco.com.br\/blog\/avaliacao-de-desempenho-fechando-o-ciclo-da-organizacao\/\" title=\"Avalia\u00e7\u00e3o de Desempenho: Fechando o Ciclo da Organiza\u00e7\u00e3o\"><img decoding=\"async\" width=\"300\" height=\"300\" src=\"https:\/\/dianapacheco.com.br\/blog\/wp-content\/uploads\/2026\/02\/Gemini_Generated_Image_ypd7n1ypd7n1ypd7-e1771458355308.png\" class=\"attachment-full size-full wp-image-1805\" alt=\"\" \/><div class=\"cz_grid_details\"><i class=\"fa fa-search cz_grid_icon\"><\/i><\/div><\/a><div class=\"cz_grid_details cz_grid_details_outside\"><a class=\"cz_grid_title\" href=\"https:\/\/dianapacheco.com.br\/blog\/avaliacao-de-desempenho-fechando-o-ciclo-da-organizacao\/\"><h3>Avalia\u00e7\u00e3o de Desempenho: Fechando o Ciclo da Organiza\u00e7\u00e3o<\/h3><\/a><small class=\"clr\"><span class=\"cz_post_data cz_data_cats\"><a href=\"https:\/\/dianapacheco.com.br\/blog\/category\/gestao-de-pessoas\/\" rel=\"tag\">Gest\u00e3o de Pessoas<\/a>, <a href=\"https:\/\/dianapacheco.com.br\/blog\/category\/qualidade\/\" rel=\"tag\">Qualidade<\/a><\/span><\/small><\/div><\/div><\/div><div data-id=\"1762\" class=\"cz_grid_item  cz_posts_list_odd 1762 post-1762 post type-post status-publish format-standard has-post-thumbnail hentry category-empreendedorismo tag-empreendedorismo tag-gestao-empresarial tag-pequenas-empresas tag-planejamento-estrategico\"><div class=\"clr\"><a class=\"cz_grid_link cz_grid_zoom_in\" href=\"https:\/\/dianapacheco.com.br\/blog\/planejamento-estrategico-o-mapa-para-um-crescimento-sustentavel\/\" title=\"Planejamento Estrat\u00e9gico: O Mapa para um Crescimento Sustent\u00e1vel\"><img decoding=\"async\" width=\"300\" height=\"231\" src=\"https:\/\/dianapacheco.com.br\/blog\/wp-content\/uploads\/2026\/01\/Gemini_Generated_Image_pyix7ipyix7ipyix-e1769385726781.png\" class=\"attachment-full size-full wp-image-1770\" alt=\"\" \/><div class=\"cz_grid_details\"><i class=\"fa fa-search cz_grid_icon\"><\/i><\/div><\/a><div class=\"cz_grid_details cz_grid_details_outside\"><a class=\"cz_grid_title\" href=\"https:\/\/dianapacheco.com.br\/blog\/planejamento-estrategico-o-mapa-para-um-crescimento-sustentavel\/\"><h3>Planejamento Estrat\u00e9gico: O Mapa para um Crescimento Sustent\u00e1vel<\/h3><\/a><small class=\"clr\"><span class=\"cz_post_data cz_data_cats\"><a href=\"https:\/\/dianapacheco.com.br\/blog\/category\/empreendedorismo\/\" rel=\"tag\">Empreendedorismo<\/a><\/span><\/small><\/div><\/div><\/div><div data-id=\"1752\" class=\"cz_grid_item  cz_posts_list_even 1752 post-1752 post type-post status-publish format-standard has-post-thumbnail hentry category-equilibrio-pessoal category-produtividade tag-autoconhecimento tag-consistencia-2 tag-gestao-de-metas-2 tag-organizacao-pessoal-2 tag-planejamento-2026 tag-recomeco\"><div class=\"clr\"><a class=\"cz_grid_link cz_grid_zoom_in\" href=\"https:\/\/dianapacheco.com.br\/blog\/onde-o-planejamento-encontra-o-recomeco\/\" title=\"Onde o Planejamento Encontra o Recome\u00e7o\"><img loading=\"lazy\" decoding=\"async\" width=\"300\" height=\"237\" src=\"https:\/\/dianapacheco.com.br\/blog\/wp-content\/uploads\/2026\/01\/Gemini_Generated_Image_i563a3i563a3i563-e1768167756499.png\" class=\"attachment-full size-full wp-image-1757\" alt=\"\" \/><div class=\"cz_grid_details\"><i class=\"fa fa-search cz_grid_icon\"><\/i><\/div><\/a><div class=\"cz_grid_details cz_grid_details_outside\"><a class=\"cz_grid_title\" href=\"https:\/\/dianapacheco.com.br\/blog\/onde-o-planejamento-encontra-o-recomeco\/\"><h3>Onde o Planejamento Encontra o Recome\u00e7o<\/h3><\/a><small class=\"clr\"><span class=\"cz_post_data cz_data_cats\"><a href=\"https:\/\/dianapacheco.com.br\/blog\/category\/equilibrio-pessoal\/\" rel=\"tag\">Equil\u00edbrio Pessoal<\/a>, <a href=\"https:\/\/dianapacheco.com.br\/blog\/category\/produtividade\/\" rel=\"tag\">Produtividade<\/a><\/span><\/small><\/div><\/div><\/div><div data-id=\"1730\" class=\"cz_grid_item  cz_posts_list_odd 1730 post-1730 post type-post status-publish format-standard has-post-thumbnail hentry category-gestao-de-pessoas category-qualidade tag-estruturacao-de-processos tag-organizacao-de-equipes\"><div class=\"clr\"><a class=\"cz_grid_link cz_grid_zoom_in\" href=\"https:\/\/dianapacheco.com.br\/blog\/organizacao-de-equipe-estruturacao-dos-processos\/\" title=\"Organiza\u00e7\u00e3o de equipe &#8211; Estrutura\u00e7\u00e3o dos processos\"><img loading=\"lazy\" decoding=\"async\" width=\"300\" height=\"228\" src=\"https:\/\/dianapacheco.com.br\/blog\/wp-content\/uploads\/2025\/10\/Gemini_Generated_Image_4jeu574jeu574jeu-e1760307338284.png\" class=\"attachment-full size-full wp-image-1732\" alt=\"\" \/><div class=\"cz_grid_details\"><i class=\"fa fa-search cz_grid_icon\"><\/i><\/div><\/a><div class=\"cz_grid_details cz_grid_details_outside\"><a class=\"cz_grid_title\" href=\"https:\/\/dianapacheco.com.br\/blog\/organizacao-de-equipe-estruturacao-dos-processos\/\"><h3>Organiza\u00e7\u00e3o de equipe &#8211; Estrutura\u00e7\u00e3o dos processos<\/h3><\/a><small class=\"clr\"><span class=\"cz_post_data cz_data_cats\"><a href=\"https:\/\/dianapacheco.com.br\/blog\/category\/gestao-de-pessoas\/\" rel=\"tag\">Gest\u00e3o de Pessoas<\/a>, <a href=\"https:\/\/dianapacheco.com.br\/blog\/category\/qualidade\/\" rel=\"tag\">Qualidade<\/a><\/span><\/small><\/div><\/div><\/div><div data-id=\"1716\" class=\"cz_grid_item  cz_posts_list_even 1716 post-1716 post type-post status-publish format-standard has-post-thumbnail hentry category-produtividade category-qualidade tag-eficiencia-empresarial tag-gestao-qualidade tag-melhoria-processos tag-problemas-qualidade-produtividade tag-processos-empresariais tag-qualidade-e-produtividade\"><div class=\"clr\"><a class=\"cz_grid_link cz_grid_zoom_in\" href=\"https:\/\/dianapacheco.com.br\/blog\/os-inimigos-da-qualidade-e-produtividade\/\" title=\"Os Inimigos da Qualidade e Produtividade\"><img loading=\"lazy\" decoding=\"async\" width=\"300\" height=\"300\" src=\"https:\/\/dianapacheco.com.br\/blog\/wp-content\/uploads\/2025\/10\/Gemini_Generated_Image_h611izh611izh611-e1759667786499.png\" class=\"attachment-full size-full wp-image-1725\" alt=\"\" \/><div class=\"cz_grid_details\"><i class=\"fa fa-search cz_grid_icon\"><\/i><\/div><\/a><div class=\"cz_grid_details cz_grid_details_outside\"><a class=\"cz_grid_title\" href=\"https:\/\/dianapacheco.com.br\/blog\/os-inimigos-da-qualidade-e-produtividade\/\"><h3>Os Inimigos da Qualidade e Produtividade<\/h3><\/a><small class=\"clr\"><span class=\"cz_post_data cz_data_cats\"><a href=\"https:\/\/dianapacheco.com.br\/blog\/category\/produtividade\/\" rel=\"tag\">Produtividade<\/a>, <a href=\"https:\/\/dianapacheco.com.br\/blog\/category\/qualidade\/\" rel=\"tag\">Qualidade<\/a><\/span><\/small><\/div><\/div><\/div><\/div><div class=\"cz_ajax_pagination clr cz_ajax_loadmore tac\"><a href=\"#\">Leia Mais<\/a><\/div><\/div>\t\t\t\t<\/div>\n\t\t\t\t<\/div>\n\t\t\t\t\t<\/div>\n\t\t<\/div>\n\t\t\t\t<div class=\"elementor-column elementor-col-33 elementor-top-column elementor-element elementor-element-d42cb14\" data-id=\"d42cb14\" data-element_type=\"column\">\n\t\t\t<div class=\"elementor-widget-wrap elementor-element-populated\">\n\t\t\t\t\t\t<div class=\"elementor-element elementor-element-37901ff elementor-widget elementor-widget-sidebar\" data-id=\"37901ff\" data-element_type=\"widget\" data-widget_type=\"sidebar.default\">\n\t\t\t\t<div class=\"elementor-widget-container\">\n\t\t\t\t\t<div id=\"search-2\" class=\"center_on_mobile widget clr widget_search\"><h6 class=\"codevz-widget-title\">Pesquisar<\/h6><div class=\"codevz-widget-content clr\"><form role=\"search\" method=\"get\" class=\"search-form\" action=\"https:\/\/dianapacheco.com.br\/blog\/\">\n\t\t\t\t<label>\n\t\t\t\t\t<span class=\"screen-reader-text\">Pesquisar por:<\/span>\n\t\t\t\t\t<input type=\"search\" class=\"search-field\" placeholder=\"Pesquisar &hellip;\" value=\"\" name=\"s\" \/>\n\t\t\t\t<\/label>\n\t\t\t\t<input type=\"submit\" class=\"search-submit\" value=\"Pesquisar\" \/>\n\t\t\t<\/form><\/div><\/div><div id=\"categories-2\" class=\"center_on_mobile widget clr widget_categories\"><h6 class=\"codevz-widget-title\">Categorias<\/h6><div class=\"codevz-widget-content clr\">\n\t\t\t<ul>\n\t\t\t\t\t<li><a href=\"https:\/\/dianapacheco.com.br\/blog\/category\/empreendedorismo\/\">Empreendedorismo<\/a><span>(11)<\/span>\n<\/li>\n\t<li><a href=\"https:\/\/dianapacheco.com.br\/blog\/category\/equilibrio-pessoal\/\">Equil\u00edbrio Pessoal<\/a><span>(4)<\/span>\n<\/li>\n\t<li><a href=\"https:\/\/dianapacheco.com.br\/blog\/category\/financas\/\">Finan\u00e7as<\/a><span>(10)<\/span>\n<\/li>\n\t<li><a href=\"https:\/\/dianapacheco.com.br\/blog\/category\/gestao-de-pessoas\/\">Gest\u00e3o de Pessoas<\/a><span>(5)<\/span>\n<\/li>\n\t<li><a href=\"https:\/\/dianapacheco.com.br\/blog\/category\/produtividade\/\">Produtividade<\/a><span>(9)<\/span>\n<\/li>\n\t<li><a href=\"https:\/\/dianapacheco.com.br\/blog\/category\/qualidade\/\">Qualidade<\/a><span>(22)<\/span>\n<\/li>\n\t\t\t<\/ul>\n\n\t\t\t<\/div><\/div>\t\t\t\t<\/div>\n\t\t\t\t<\/div>\n\t\t\t\t\t<\/div>\n\t\t<\/div>\n\t\t\t\t\t<\/div>\n\t\t<\/section>\n\t\t\t\t<section class=\"elementor-section elementor-top-section elementor-element elementor-element-a66fd6d elementor-section-stretched elementor-section-boxed elementor-section-height-default elementor-section-height-default\" data-id=\"a66fd6d\" data-element_type=\"section\" data-settings=\"{&quot;stretch_section&quot;:&quot;section-stretched&quot;,&quot;background_background&quot;:&quot;classic&quot;}\">\n\t\t\t\t\t\t<div class=\"elementor-container elementor-column-gap-default\">\n\t\t\t\t\t<div class=\"elementor-column elementor-col-100 elementor-top-column elementor-element elementor-element-7b1275c\" data-id=\"7b1275c\" data-element_type=\"column\" data-settings=\"{&quot;background_background&quot;:&quot;classic&quot;}\">\n\t\t\t<div class=\"elementor-widget-wrap elementor-element-populated\">\n\t\t\t\t\t\t<div class=\"elementor-element elementor-element-aa9ec18 elementor-widget__width-initial elementor-widget elementor-widget-cz_title\" data-id=\"aa9ec18\" data-element_type=\"widget\" data-widget_type=\"cz_title.default\">\n\t\t\t\t<div class=\"elementor-widget-container\">\n\t\t\t\t\t\t\r\n\t\t<div>\r\n\t\t\t<div class=\"cz_title clr cz_mobile_text_center cz_title_pos_inline\"><div class=\"cz_title_content\"><div class=\"cz_wpe_content\"><\/div><\/div><\/div>\r\n\t\t<\/div>\r\n\t\t\r\n\t\t\t\t\t\t<\/div>\n\t\t\t\t<\/div>\n\t\t\t\t\t<\/div>\n\t\t<\/div>\n\t\t\t\t\t<\/div>\n\t\t<\/section>\n\t\t\t\t<\/div>\n\t\t","protected":false},"excerpt":{"rendered":"<p>Onde o Planejamento Encontra o Recome\u00e7o Equil\u00edbrio Pessoal, Produtividade Organiza\u00e7\u00e3o de equipe &#8211; Estrutura\u00e7\u00e3o dos processos Gest\u00e3o de Pessoas, Qualidade &#8230; <a class=\"cz_readmore cz_readmore_no_icon\" href=\"https:\/\/dianapacheco.com.br\/blog\/os-inimigos-da-qualidade-e-produtividade\/\"><span>Leia Mais<\/span><\/a><\/p>\n","protected":false},"author":1,"featured_media":0,"parent":0,"menu_order":0,"comment_status":"closed","ping_status":"closed","template":"","meta":{"footnotes":""},"class_list":["post-535","page","type-page","status-publish","hentry"],"yoast_head":"<!-- This site is optimized with the Yoast SEO plugin v23.8 - https:\/\/yoast.com\/wordpress\/plugins\/seo\/ -->\n<title>Diana Pacheco | Consultoria e Intelig\u00eancia Administrativa<\/title>\n<meta name=\"robots\" content=\"index, follow, max-snippet:-1, max-image-preview:large, max-video-preview:-1\" \/>\n<link rel=\"canonical\" href=\"https:\/\/dianapacheco.com.br\/blog\/\" \/>\n<meta property=\"og:locale\" content=\"pt_BR\" \/>\n<meta property=\"og:type\" content=\"article\" \/>\n<meta property=\"og:title\" content=\"Diana Pacheco | Consultoria e Intelig\u00eancia Administrativa\" \/>\n<meta property=\"og:description\" content=\"Onde o Planejamento Encontra o Recome\u00e7o Equil\u00edbrio Pessoal, Produtividade Organiza\u00e7\u00e3o de equipe &#8211; Estrutura\u00e7\u00e3o dos processos Gest\u00e3o de Pessoas, Qualidade ... Leia Mais\" \/>\n<meta property=\"og:url\" content=\"https:\/\/dianapacheco.com.br\/blog\/\" \/>\n<meta property=\"og:site_name\" content=\"Diana Pacheco\" \/>\n<meta property=\"article:modified_time\" content=\"2026-01-26T22:34:05+00:00\" \/>\n<meta property=\"og:image\" content=\"https:\/\/dianapacheco.com.br\/blog\/wp-content\/uploads\/2026\/01\/Gemini_Generated_Image_i563a3i563a3i563-e1768167756499.png\" \/>\n\t<meta property=\"og:image:width\" content=\"300\" \/>\n\t<meta property=\"og:image:height\" content=\"237\" \/>\n\t<meta property=\"og:image:type\" content=\"image\/png\" \/>\n<meta name=\"twitter:card\" content=\"summary_large_image\" \/>\n<meta name=\"twitter:label1\" content=\"Est. tempo de leitura\" \/>\n\t<meta name=\"twitter:data1\" content=\"2 minutos\" \/>\n<script type=\"application\/ld+json\" class=\"yoast-schema-graph\">{\"@context\":\"https:\/\/schema.org\",\"@graph\":[{\"@type\":\"WebPage\",\"@id\":\"https:\/\/dianapacheco.com.br\/blog\/\",\"url\":\"https:\/\/dianapacheco.com.br\/blog\/\",\"name\":\"Diana Pacheco | Consultoria e Intelig\u00eancia Administrativa\",\"isPartOf\":{\"@id\":\"https:\/\/dianapacheco.com.br\/blog\/#website\"},\"primaryImageOfPage\":{\"@id\":\"https:\/\/dianapacheco.com.br\/blog\/#primaryimage\"},\"image\":{\"@id\":\"https:\/\/dianapacheco.com.br\/blog\/#primaryimage\"},\"thumbnailUrl\":\"https:\/\/dianapacheco.com.br\/blog\/wp-content\/uploads\/2026\/01\/Gemini_Generated_Image_i563a3i563a3i563-e1768167756499.png\",\"datePublished\":\"2024-06-24T16:11:20+00:00\",\"dateModified\":\"2026-01-26T22:34:05+00:00\",\"breadcrumb\":{\"@id\":\"https:\/\/dianapacheco.com.br\/blog\/#breadcrumb\"},\"inLanguage\":\"pt-BR\",\"potentialAction\":[{\"@type\":\"ReadAction\",\"target\":[\"https:\/\/dianapacheco.com.br\/blog\/\"]}]},{\"@type\":\"ImageObject\",\"inLanguage\":\"pt-BR\",\"@id\":\"https:\/\/dianapacheco.com.br\/blog\/#primaryimage\",\"url\":\"https:\/\/dianapacheco.com.br\/blog\/wp-content\/uploads\/2026\/01\/Gemini_Generated_Image_i563a3i563a3i563-e1768167756499.png\",\"contentUrl\":\"https:\/\/dianapacheco.com.br\/blog\/wp-content\/uploads\/2026\/01\/Gemini_Generated_Image_i563a3i563a3i563-e1768167756499.png\",\"width\":300,\"height\":237},{\"@type\":\"BreadcrumbList\",\"@id\":\"https:\/\/dianapacheco.com.br\/blog\/#breadcrumb\",\"itemListElement\":[{\"@type\":\"ListItem\",\"position\":1,\"name\":\"In\u00edcio\",\"item\":\"https:\/\/dianapacheco.com.br\/blog\/\"},{\"@type\":\"ListItem\",\"position\":2,\"name\":\"Diana Pacheco\"}]},{\"@type\":\"WebSite\",\"@id\":\"https:\/\/dianapacheco.com.br\/blog\/#website\",\"url\":\"https:\/\/dianapacheco.com.br\/blog\/\",\"name\":\"Diana Pacheco | Consultoria e Intelig\u00eancia Administrativa\",\"description\":\"Crescendo Organizando\",\"alternateName\":\"Diana Pacheco | Consultoria e Intelig\u00eancia Administrativa\",\"potentialAction\":[{\"@type\":\"SearchAction\",\"target\":{\"@type\":\"EntryPoint\",\"urlTemplate\":\"https:\/\/dianapacheco.com.br\/blog\/?s={search_term_string}\"},\"query-input\":{\"@type\":\"PropertyValueSpecification\",\"valueRequired\":true,\"valueName\":\"search_term_string\"}}],\"inLanguage\":\"pt-BR\"}]}<\/script>\n<!-- \/ Yoast SEO plugin. -->","yoast_head_json":{"title":"Diana Pacheco | Consultoria e Intelig\u00eancia Administrativa","robots":{"index":"index","follow":"follow","max-snippet":"max-snippet:-1","max-image-preview":"max-image-preview:large","max-video-preview":"max-video-preview:-1"},"canonical":"https:\/\/dianapacheco.com.br\/blog\/","og_locale":"pt_BR","og_type":"article","og_title":"Diana Pacheco | Consultoria e Intelig\u00eancia Administrativa","og_description":"Onde o Planejamento Encontra o Recome\u00e7o Equil\u00edbrio Pessoal, Produtividade Organiza\u00e7\u00e3o de equipe &#8211; Estrutura\u00e7\u00e3o dos processos Gest\u00e3o de Pessoas, Qualidade ... Leia Mais","og_url":"https:\/\/dianapacheco.com.br\/blog\/","og_site_name":"Diana Pacheco","article_modified_time":"2026-01-26T22:34:05+00:00","og_image":[{"width":300,"height":237,"url":"https:\/\/dianapacheco.com.br\/blog\/wp-content\/uploads\/2026\/01\/Gemini_Generated_Image_i563a3i563a3i563-e1768167756499.png","type":"image\/png"}],"twitter_card":"summary_large_image","twitter_misc":{"Est. tempo de leitura":"2 minutos"},"schema":{"@context":"https:\/\/schema.org","@graph":[{"@type":"WebPage","@id":"https:\/\/dianapacheco.com.br\/blog\/","url":"https:\/\/dianapacheco.com.br\/blog\/","name":"Diana Pacheco | Consultoria e Intelig\u00eancia Administrativa","isPartOf":{"@id":"https:\/\/dianapacheco.com.br\/blog\/#website"},"primaryImageOfPage":{"@id":"https:\/\/dianapacheco.com.br\/blog\/#primaryimage"},"image":{"@id":"https:\/\/dianapacheco.com.br\/blog\/#primaryimage"},"thumbnailUrl":"https:\/\/dianapacheco.com.br\/blog\/wp-content\/uploads\/2026\/01\/Gemini_Generated_Image_i563a3i563a3i563-e1768167756499.png","datePublished":"2024-06-24T16:11:20+00:00","dateModified":"2026-01-26T22:34:05+00:00","breadcrumb":{"@id":"https:\/\/dianapacheco.com.br\/blog\/#breadcrumb"},"inLanguage":"pt-BR","potentialAction":[{"@type":"ReadAction","target":["https:\/\/dianapacheco.com.br\/blog\/"]}]},{"@type":"ImageObject","inLanguage":"pt-BR","@id":"https:\/\/dianapacheco.com.br\/blog\/#primaryimage","url":"https:\/\/dianapacheco.com.br\/blog\/wp-content\/uploads\/2026\/01\/Gemini_Generated_Image_i563a3i563a3i563-e1768167756499.png","contentUrl":"https:\/\/dianapacheco.com.br\/blog\/wp-content\/uploads\/2026\/01\/Gemini_Generated_Image_i563a3i563a3i563-e1768167756499.png","width":300,"height":237},{"@type":"BreadcrumbList","@id":"https:\/\/dianapacheco.com.br\/blog\/#breadcrumb","itemListElement":[{"@type":"ListItem","position":1,"name":"In\u00edcio","item":"https:\/\/dianapacheco.com.br\/blog\/"},{"@type":"ListItem","position":2,"name":"Diana Pacheco"}]},{"@type":"WebSite","@id":"https:\/\/dianapacheco.com.br\/blog\/#website","url":"https:\/\/dianapacheco.com.br\/blog\/","name":"Diana Pacheco | Consultoria e Intelig\u00eancia Administrativa","description":"Crescendo Organizando","alternateName":"Diana Pacheco | Consultoria e Intelig\u00eancia Administrativa","potentialAction":[{"@type":"SearchAction","target":{"@type":"EntryPoint","urlTemplate":"https:\/\/dianapacheco.com.br\/blog\/?s={search_term_string}"},"query-input":{"@type":"PropertyValueSpecification","valueRequired":true,"valueName":"search_term_string"}}],"inLanguage":"pt-BR"}]}},"_links":{"self":[{"href":"https:\/\/dianapacheco.com.br\/blog\/wp-json\/wp\/v2\/pages\/535","targetHints":{"allow":["GET"]}}],"collection":[{"href":"https:\/\/dianapacheco.com.br\/blog\/wp-json\/wp\/v2\/pages"}],"about":[{"href":"https:\/\/dianapacheco.com.br\/blog\/wp-json\/wp\/v2\/types\/page"}],"author":[{"embeddable":true,"href":"https:\/\/dianapacheco.com.br\/blog\/wp-json\/wp\/v2\/users\/1"}],"replies":[{"embeddable":true,"href":"https:\/\/dianapacheco.com.br\/blog\/wp-json\/wp\/v2\/comments?post=535"}],"version-history":[{"count":72,"href":"https:\/\/dianapacheco.com.br\/blog\/wp-json\/wp\/v2\/pages\/535\/revisions"}],"predecessor-version":[{"id":1789,"href":"https:\/\/dianapacheco.com.br\/blog\/wp-json\/wp\/v2\/pages\/535\/revisions\/1789"}],"wp:attachment":[{"href":"https:\/\/dianapacheco.com.br\/blog\/wp-json\/wp\/v2\/media?parent=535"}],"curies":[{"name":"wp","href":"https:\/\/api.w.org\/{rel}","templated":true}]}}